{"id":2959,"date":"2023-09-06T15:17:22","date_gmt":"2023-09-06T15:17:22","guid":{"rendered":"https:\/\/www.barthelemy-avocats.com\/nos-expertises\/nos-domaines-dexpertise\/"},"modified":"2025-09-22T15:37:25","modified_gmt":"2025-09-22T15:37:25","slug":"our-expertise-area","status":"publish","type":"page","link":"https:\/\/www.barthelemy-avocats.com\/en\/our-expertise\/our-expertise-area\/","title":{"rendered":"Our expertise area"},"content":{"rendered":"\t<!-- START OF : Composant : block-periscope-theme-section-composant-lanceur-services.php -->\r\n<div class=\"bg-secondary pt-2 pb-2 pt-lg-8 pb-lg-8\" id=\"ancre-68d16d06c3257\">\r\n\t<div class=\"container\">\r\n\t\t<div class=\"row\">\r\n\t\t\t\t\t\t\t\t\t\t\t<div class=\"col-lg-6 mb-2 mb-lg-4\">\r\n\t\t\t\t\t\t<div class=\"lanceur-choisir-ba p-2 h-100 bg-grey\">\r\n\t\t\t\t\t\t\t<div class=\"border border-2 border-white p-4 position-relative h-100 d-flex flex-column\">\r\n\t\t\t\t\t\t\t\t<h2 class=\"h2 text-center sketch mb-3 fs-lg-28\">Social <span\r\n\t\t\t\t\t\t\t\tclass=\"text-primary\">Security law<\/span><\/h2>\r\n\t\t\t\t\t\t\t\t<p>&#8211; Taxes and social security contributions<br \/>\r\n&#8211; Management of inexcusable fault<br \/>\r\n&#8211; Recognition and pricing of workplace accidents and occupational illnesses<br \/>\r\n&#8211; Relations with URSSAF<br \/>\r\n&#8211; Basic pensions<br \/>\r\n&#8211; Equal treatment<\/p>\r\n\t\t\t\t\t\t\t\t\t\t\t\t\t\t\t\t<svg width=\"130\" height=\"80\" class=\"position-absolute b-0\">\r\n\t\t\t\t\t\t\t\t\t<use xlink:href=\"https:\/\/www.barthelemy-avocats.com\/wp-content\/themes\/periscope\/assets\/images\/sprite.svg#symbol-cropped\"><\/use>\r\n\t\t\t\t\t\t\t\t<\/svg>\r\n\t\t\t\t\t\t\t<\/div>\r\n\t\t\t\t\t\t<\/div>\r\n\t\t\t\t\t<\/div>\r\n\t\t\t\t\t\t\t\t\t\t<div class=\"col-lg-6 mb-2 mb-lg-4\">\r\n\t\t\t\t\t\t<div class=\"lanceur-choisir-ba p-2 h-100 bg-warning\">\r\n\t\t\t\t\t\t\t<div class=\"border border-2 border-white p-4 position-relative h-100 d-flex flex-column\">\r\n\t\t\t\t\t\t\t\t<h2 class=\"h2 text-center sketch mb-3 fs-lg-28\">Employment <span\r\n\t\t\t\t\t\t\t\tclass=\"text-primary\">Law<\/span><\/h2>\r\n\t\t\t\t\t\t\t\t<p>&#8211; Collective bargaining<br \/>\r\n&#8211; Employment contracts<br \/>\r\n&#8211; Length and organization of working hours<br \/>\r\n&#8211; Paid vacations<br \/>\r\n&#8211; Health and safety, workplace accidents, occupational illnesses<br \/>\r\n&#8211; Harassment, discrimination<br \/>\r\n&#8211; Professional equality<br \/>\r\n&#8211; Disciplinary law<br \/>\r\n&#8211; Individual dismissal<br \/>\r\n&#8211; &#8230; <\/p>\r\n\t\t\t\t\t\t\t\t\t\t\t\t\t\t\t\t<a href=\"#ancre-68d16d108160f\" target=\"\" class=\"btn position-relative z-1 mw-100 mt-auto btn-outline-secondary\">See more<\/a>\r\n\t\t\t\t\t\t\t\t\t\t\t\t\t\t\t\t<svg width=\"130\" height=\"80\" class=\"position-absolute b-0\">\r\n\t\t\t\t\t\t\t\t\t<use xlink:href=\"https:\/\/www.barthelemy-avocats.com\/wp-content\/themes\/periscope\/assets\/images\/sprite.svg#symbol-cropped\"><\/use>\r\n\t\t\t\t\t\t\t\t<\/svg>\r\n\t\t\t\t\t\t\t<\/div>\r\n\t\t\t\t\t\t<\/div>\r\n\t\t\t\t\t<\/div>\r\n\t\t\t\t\t\t\t\t\t\t<div class=\"col-lg-6 mb-2 mb-lg-4\">\r\n\t\t\t\t\t\t<div class=\"lanceur-choisir-ba p-2 h-100 bg-grey\">\r\n\t\t\t\t\t\t\t<div class=\"border border-2 border-white p-4 position-relative h-100 d-flex flex-column\">\r\n\t\t\t\t\t\t\t\t<h2 class=\"h2 text-center sketch mb-3 fs-lg-28\">Supplementary Social <span\r\n\t\t\t\t\t\t\t\tclass=\"text-primary\">Protection Law<\/span><\/h2>\r\n\t\t\t\t\t\t\t\t<p>&#8211; Supplementary pension<br \/>\r\n&#8211; Health insurance<br \/>\r\n&#8211; Equal treatment<br \/>\r\n&#8211; Restructuring<br \/>\r\n&#8211; Reinsurance<br \/>\r\n&#8211; Company officers<\/p>\r\n\t\t\t\t\t\t\t\t\t\t\t\t\t\t\t\t<svg width=\"130\" height=\"80\" class=\"position-absolute b-0\">\r\n\t\t\t\t\t\t\t\t\t<use xlink:href=\"https:\/\/www.barthelemy-avocats.com\/wp-content\/themes\/periscope\/assets\/images\/sprite.svg#symbol-cropped\"><\/use>\r\n\t\t\t\t\t\t\t\t<\/svg>\r\n\t\t\t\t\t\t\t<\/div>\r\n\t\t\t\t\t\t<\/div>\r\n\t\t\t\t\t<\/div>\r\n\t\t\t\t\t\t\t\t\t\t\t<\/div>\r\n\t<\/div>\r\n<\/div>\r\n\t<!-- END OF : Composant : block-periscope-theme-section-composant-lanceur-services.php -->\r\n\t\n\n<!-- START OF : Composant : block-periscope-theme-section-composant-espace.php -->\n<div class=\"espace pb-7 pb-lg-9\"><\/div>\n<!-- END OF : Composant : block-periscope-theme-section-composant-espace.php -->\n\n\n\t<!-- START OF : Composant : block-periscope-theme-section-composant-banner-image-wysiwyg.php -->\n\t\n<div class=\"container\" id=\"ancre-68d16d108160f\">\n\t<div class=\"row align-items-lg-center\">\n\t\t<div class=\"col-lg-6 mt-4 mt-lg-0 order-last order-lg-first\">\n\t\t\t<svg width=\"158\" height=\"250\" class=\"d-none d-lg-block mx-auto\">\n\t\t\t\t<use xlink:href=\"https:\/\/www.barthelemy-avocats.com\/wp-content\/themes\/periscope\/assets\/images\/sprite.svg#section-video\"><\/use>\n\t\t\t<\/svg>\n\n\t\t\t\t\t<\/div>\n\t\t<div class=\"col-lg-6\">\n\t\t\t\n\t\t\t<h2 class=\"underline underline-warning\">Employment law<\/h2>\n\t\t\t\t\t\n\t\t\t\t\t\t\n\t<h3 class=\"text-primary\"><\/h3>\n\t\t\t\t\t<ul>\n<li>Collective bargaining<\/li>\n<li>Employment contracts<\/li>\n<li>Length and organization of working hours<\/li>\n<li>Paid vacations<\/li>\n<li>Health and safety, workplace accidents, occupational illnesses<\/li>\n<li>Harassment, discrimination<\/li>\n<li>Equal opportunity<\/li>\n<li>Disciplinary law<\/li>\n<li>Individual dismissal<\/li>\n<li>Transactions<\/li>\n<li>Contractual termination<\/li>\n<li>Professional training<\/li>\n<li>Management status<\/li>\n<li>International mobility<\/li>\n<li>Management of employee representative bodies (CSE, local representatives, etc.)<br \/>\nEmployment policy, GPEC<\/li>\n<li>Restructuring, redundancies<\/li>\n<li>Preparation and follow-up of the PSE<\/li>\n<li>Company transfers, outsourcing<\/li>\n<li>Relations with the Labor Inspectorate<br \/>\nICT, social networks<\/li>\n<li>Employee savings (profit-sharing, incentive schemes, PEE, CET, stock options, PERCO, etc.)<\/li>\n<li>Classification and career development systems<\/li>\n<\/ul>\n\t\t\t\t\t\t\t<\/div>\n\t<\/div>\n<\/div>\n\n\t<!-- END OF : Composant : block-periscope-theme-section-composant-banner-image-wysiwyg.php -->\n","protected":false},"excerpt":{"rendered":"","protected":false},"author":2,"featured_media":0,"parent":2955,"menu_order":4,"comment_status":"closed","ping_status":"closed","template":"","meta":{"_acf_changed":true,"footnotes":""},"class_list":["post-2959","page","type-page","status-publish","hentry"],"acf":[],"yoast_head":"<!-- This site is optimized with the Yoast SEO plugin v25.8 - https:\/\/yoast.com\/wordpress\/plugins\/seo\/ -->\n<title>Our expertise area - Barthelemy<\/title>\n<meta name=\"description\" content=\"Droit de la S\u00e9curit\u00e9 Sociale, Droit du Travail, Droit de la Protection Sociale Compl\u00e9mentaire, nos avocats experts r\u00e9pondent \u00e0 toutes vos questions.\" \/>\n<meta name=\"robots\" content=\"index, follow, max-snippet:-1, max-image-preview:large, max-video-preview:-1\" \/>\n<link rel=\"canonical\" href=\"https:\/\/www.barthelemy-avocats.com\/en\/our-expertise\/our-expertise-area\/\" \/>\n<meta property=\"og:locale\" content=\"en_US\" \/>\n<meta property=\"og:type\" content=\"article\" \/>\n<meta property=\"og:title\" content=\"Our expertise area - Barthelemy\" \/>\n<meta property=\"og:description\" content=\"Droit de la S\u00e9curit\u00e9 Sociale, Droit du Travail, Droit de la Protection Sociale Compl\u00e9mentaire, nos avocats experts r\u00e9pondent \u00e0 toutes vos questions.\" \/>\n<meta property=\"og:url\" content=\"https:\/\/www.barthelemy-avocats.com\/en\/our-expertise\/our-expertise-area\/\" \/>\n<meta property=\"og:site_name\" content=\"Barthelemy\" \/>\n<meta property=\"article:modified_time\" content=\"2025-09-22T15:37:25+00:00\" \/>\n<meta property=\"og:image\" content=\"https:\/\/www.barthelemy-avocats.com\/wp-content\/uploads\/2023\/08\/symbol.png\" \/>\n\t<meta property=\"og:image:width\" content=\"163\" \/>\n\t<meta property=\"og:image:height\" content=\"82\" \/>\n\t<meta property=\"og:image:type\" content=\"image\/png\" \/>\n<meta name=\"twitter:card\" content=\"summary_large_image\" \/>\n<script type=\"application\/ld+json\" class=\"yoast-schema-graph\">{\"@context\":\"https:\/\/schema.org\",\"@graph\":[{\"@type\":\"WebPage\",\"@id\":\"https:\/\/www.barthelemy-avocats.com\/en\/our-expertise\/our-expertise-area\/\",\"url\":\"https:\/\/www.barthelemy-avocats.com\/en\/our-expertise\/our-expertise-area\/\",\"name\":\"Our expertise area - Barthelemy\",\"isPartOf\":{\"@id\":\"https:\/\/www.barthelemy-avocats.com\/en\/#website\"},\"datePublished\":\"2023-09-06T15:17:22+00:00\",\"dateModified\":\"2025-09-22T15:37:25+00:00\",\"description\":\"Droit de la S\u00e9curit\u00e9 Sociale, Droit du Travail, Droit de la Protection Sociale Compl\u00e9mentaire, nos avocats experts r\u00e9pondent \u00e0 toutes vos questions.\",\"breadcrumb\":{\"@id\":\"https:\/\/www.barthelemy-avocats.com\/en\/our-expertise\/our-expertise-area\/#breadcrumb\"},\"inLanguage\":\"en-US\",\"potentialAction\":[{\"@type\":\"ReadAction\",\"target\":[\"https:\/\/www.barthelemy-avocats.com\/en\/our-expertise\/our-expertise-area\/\"]}]},{\"@type\":\"BreadcrumbList\",\"@id\":\"https:\/\/www.barthelemy-avocats.com\/en\/our-expertise\/our-expertise-area\/#breadcrumb\",\"itemListElement\":[{\"@type\":\"ListItem\",\"position\":1,\"name\":\"Home\",\"item\":\"https:\/\/www.barthelemy-avocats.com\/en\/\"},{\"@type\":\"ListItem\",\"position\":2,\"name\":\"Our expertise\",\"item\":\"https:\/\/www.barthelemy-avocats.com\/en\/our-expertise\/\"},{\"@type\":\"ListItem\",\"position\":3,\"name\":\"Our expertise area\"}]},{\"@type\":\"WebSite\",\"@id\":\"https:\/\/www.barthelemy-avocats.com\/en\/#website\",\"url\":\"https:\/\/www.barthelemy-avocats.com\/en\/\",\"name\":\"Barth\u00e9l\u00e9my Avocats\",\"description\":\"En voyant plus loin que le droit social Barth\u00e9l\u00e9my Avocats contribue \u00e0 l\u2019acc\u00e9l\u00e9ration du d\u00e9veloppement \u00e9conomique et humain de l\u2019entreprise\",\"publisher\":{\"@id\":\"https:\/\/www.barthelemy-avocats.com\/en\/#organization\"},\"potentialAction\":[{\"@type\":\"SearchAction\",\"target\":{\"@type\":\"EntryPoint\",\"urlTemplate\":\"https:\/\/www.barthelemy-avocats.com\/en\/?s={search_term_string}\"},\"query-input\":{\"@type\":\"PropertyValueSpecification\",\"valueRequired\":true,\"valueName\":\"search_term_string\"}}],\"inLanguage\":\"en-US\"},{\"@type\":\"Organization\",\"@id\":\"https:\/\/www.barthelemy-avocats.com\/en\/#organization\",\"name\":\"Barth\u00e9l\u00e9my Avocats\",\"url\":\"https:\/\/www.barthelemy-avocats.com\/en\/\",\"logo\":{\"@type\":\"ImageObject\",\"inLanguage\":\"en-US\",\"@id\":\"https:\/\/www.barthelemy-avocats.com\/en\/#\/schema\/logo\/image\/\",\"url\":\"https:\/\/www.barthelemy-avocats.com\/wp-content\/uploads\/2023\/08\/logo.png\",\"contentUrl\":\"https:\/\/www.barthelemy-avocats.com\/wp-content\/uploads\/2023\/08\/logo.png\",\"width\":214,\"height\":146,\"caption\":\"Barth\u00e9l\u00e9my Avocats\"},\"image\":{\"@id\":\"https:\/\/www.barthelemy-avocats.com\/en\/#\/schema\/logo\/image\/\"},\"sameAs\":[\"https:\/\/www.linkedin.com\/company\/barth\u00e9l\u00e9my-avocats\/\"]}]}<\/script>\n<!-- \/ Yoast SEO plugin. -->","yoast_head_json":{"title":"Our expertise area - Barthelemy","description":"Droit de la S\u00e9curit\u00e9 Sociale, Droit du Travail, Droit de la Protection Sociale Compl\u00e9mentaire, nos avocats experts r\u00e9pondent \u00e0 toutes vos questions.","robots":{"index":"index","follow":"follow","max-snippet":"max-snippet:-1","max-image-preview":"max-image-preview:large","max-video-preview":"max-video-preview:-1"},"canonical":"https:\/\/www.barthelemy-avocats.com\/en\/our-expertise\/our-expertise-area\/","og_locale":"en_US","og_type":"article","og_title":"Our expertise area - Barthelemy","og_description":"Droit de la S\u00e9curit\u00e9 Sociale, Droit du Travail, Droit de la Protection Sociale Compl\u00e9mentaire, nos avocats experts r\u00e9pondent \u00e0 toutes vos questions.","og_url":"https:\/\/www.barthelemy-avocats.com\/en\/our-expertise\/our-expertise-area\/","og_site_name":"Barthelemy","article_modified_time":"2025-09-22T15:37:25+00:00","og_image":[{"width":163,"height":82,"url":"https:\/\/www.barthelemy-avocats.com\/wp-content\/uploads\/2023\/08\/symbol.png","type":"image\/png"}],"twitter_card":"summary_large_image","schema":{"@context":"https:\/\/schema.org","@graph":[{"@type":"WebPage","@id":"https:\/\/www.barthelemy-avocats.com\/en\/our-expertise\/our-expertise-area\/","url":"https:\/\/www.barthelemy-avocats.com\/en\/our-expertise\/our-expertise-area\/","name":"Our expertise area - Barthelemy","isPartOf":{"@id":"https:\/\/www.barthelemy-avocats.com\/en\/#website"},"datePublished":"2023-09-06T15:17:22+00:00","dateModified":"2025-09-22T15:37:25+00:00","description":"Droit de la S\u00e9curit\u00e9 Sociale, Droit du Travail, Droit de la Protection Sociale Compl\u00e9mentaire, nos avocats experts r\u00e9pondent \u00e0 toutes vos questions.","breadcrumb":{"@id":"https:\/\/www.barthelemy-avocats.com\/en\/our-expertise\/our-expertise-area\/#breadcrumb"},"inLanguage":"en-US","potentialAction":[{"@type":"ReadAction","target":["https:\/\/www.barthelemy-avocats.com\/en\/our-expertise\/our-expertise-area\/"]}]},{"@type":"BreadcrumbList","@id":"https:\/\/www.barthelemy-avocats.com\/en\/our-expertise\/our-expertise-area\/#breadcrumb","itemListElement":[{"@type":"ListItem","position":1,"name":"Home","item":"https:\/\/www.barthelemy-avocats.com\/en\/"},{"@type":"ListItem","position":2,"name":"Our expertise","item":"https:\/\/www.barthelemy-avocats.com\/en\/our-expertise\/"},{"@type":"ListItem","position":3,"name":"Our expertise area"}]},{"@type":"WebSite","@id":"https:\/\/www.barthelemy-avocats.com\/en\/#website","url":"https:\/\/www.barthelemy-avocats.com\/en\/","name":"Barth\u00e9l\u00e9my Avocats","description":"En voyant plus loin que le droit social Barth\u00e9l\u00e9my Avocats contribue \u00e0 l\u2019acc\u00e9l\u00e9ration du d\u00e9veloppement \u00e9conomique et humain de l\u2019entreprise","publisher":{"@id":"https:\/\/www.barthelemy-avocats.com\/en\/#organization"},"potentialAction":[{"@type":"SearchAction","target":{"@type":"EntryPoint","urlTemplate":"https:\/\/www.barthelemy-avocats.com\/en\/?s={search_term_string}"},"query-input":{"@type":"PropertyValueSpecification","valueRequired":true,"valueName":"search_term_string"}}],"inLanguage":"en-US"},{"@type":"Organization","@id":"https:\/\/www.barthelemy-avocats.com\/en\/#organization","name":"Barth\u00e9l\u00e9my Avocats","url":"https:\/\/www.barthelemy-avocats.com\/en\/","logo":{"@type":"ImageObject","inLanguage":"en-US","@id":"https:\/\/www.barthelemy-avocats.com\/en\/#\/schema\/logo\/image\/","url":"https:\/\/www.barthelemy-avocats.com\/wp-content\/uploads\/2023\/08\/logo.png","contentUrl":"https:\/\/www.barthelemy-avocats.com\/wp-content\/uploads\/2023\/08\/logo.png","width":214,"height":146,"caption":"Barth\u00e9l\u00e9my Avocats"},"image":{"@id":"https:\/\/www.barthelemy-avocats.com\/en\/#\/schema\/logo\/image\/"},"sameAs":["https:\/\/www.linkedin.com\/company\/barth\u00e9l\u00e9my-avocats\/"]}]}},"_links":{"self":[{"href":"https:\/\/www.barthelemy-avocats.com\/en\/wp-json\/wp\/v2\/pages\/2959","targetHints":{"allow":["GET"]}}],"collection":[{"href":"https:\/\/www.barthelemy-avocats.com\/en\/wp-json\/wp\/v2\/pages"}],"about":[{"href":"https:\/\/www.barthelemy-avocats.com\/en\/wp-json\/wp\/v2\/types\/page"}],"author":[{"embeddable":true,"href":"https:\/\/www.barthelemy-avocats.com\/en\/wp-json\/wp\/v2\/users\/2"}],"replies":[{"embeddable":true,"href":"https:\/\/www.barthelemy-avocats.com\/en\/wp-json\/wp\/v2\/comments?post=2959"}],"version-history":[{"count":0,"href":"https:\/\/www.barthelemy-avocats.com\/en\/wp-json\/wp\/v2\/pages\/2959\/revisions"}],"up":[{"embeddable":true,"href":"https:\/\/www.barthelemy-avocats.com\/en\/wp-json\/wp\/v2\/pages\/2955"}],"wp:attachment":[{"href":"https:\/\/www.barthelemy-avocats.com\/en\/wp-json\/wp\/v2\/media?parent=2959"}],"curies":[{"name":"wp","href":"https:\/\/api.w.org\/{rel}","templated":true}]}}