{"id":2984,"date":"2023-06-19T13:19:07","date_gmt":"2023-06-19T13:19:07","guid":{"rendered":"https:\/\/www.barthelemy-avocats.com\/nos-actualites\/"},"modified":"2025-02-02T19:48:35","modified_gmt":"2025-02-02T19:48:35","slug":"nos-actualites","status":"publish","type":"page","link":"https:\/\/www.barthelemy-avocats.com\/en\/nos-actualites\/","title":{"rendered":"Our news"},"content":{"rendered":"","protected":false},"excerpt":{"rendered":"Barth\u00e9l\u00e9my Avocats deciphers the essential news in employment law to help you keep abreast of legal and HR developments.","protected":false},"author":1,"featured_media":0,"parent":0,"menu_order":6,"comment_status":"closed","ping_status":"closed","template":"template-carrefour-actualite.php","meta":{"_acf_changed":false,"footnotes":""},"class_list":["post-2984","page","type-page","status-publish","hentry"],"acf":[],"yoast_head":"<!-- This site is optimized with the Yoast SEO plugin v25.8 - https:\/\/yoast.com\/wordpress\/plugins\/seo\/ -->\n<title>L&#039;actualit\u00e9 du droit social par le Cabinet Barth\u00e9l\u00e9my Avocats<\/title>\n<meta name=\"description\" content=\"Le Cabinet Barth\u00e9l\u00e9my Avocats d\u00e9crypte l&#039;essentiel des actualit\u00e9s en droit social pour faciliter votre veille juridique et RH, au format podcast ou article.\" \/>\n<meta name=\"robots\" content=\"index, follow, max-snippet:-1, max-image-preview:large, max-video-preview:-1\" \/>\n<link rel=\"canonical\" href=\"https:\/\/www.barthelemy-avocats.com\/en\/nos-actualites\/\" \/>\n<meta property=\"og:locale\" content=\"en_US\" \/>\n<meta property=\"og:type\" content=\"article\" \/>\n<meta property=\"og:title\" content=\"L&#039;actualit\u00e9 du droit social par le Cabinet Barth\u00e9l\u00e9my Avocats\" \/>\n<meta property=\"og:description\" content=\"Le Cabinet Barth\u00e9l\u00e9my Avocats d\u00e9crypte l&#039;essentiel des actualit\u00e9s en droit social pour faciliter votre veille juridique et RH, au format podcast ou article.\" \/>\n<meta property=\"og:url\" content=\"https:\/\/www.barthelemy-avocats.com\/en\/nos-actualites\/\" \/>\n<meta property=\"og:site_name\" content=\"Barthelemy\" \/>\n<meta property=\"article:modified_time\" content=\"2025-02-02T19:48:35+00:00\" \/>\n<meta property=\"og:image\" content=\"https:\/\/www.barthelemy-avocats.com\/wp-content\/uploads\/2023\/08\/symbol.png\" \/>\n\t<meta property=\"og:image:width\" content=\"163\" \/>\n\t<meta property=\"og:image:height\" content=\"82\" \/>\n\t<meta property=\"og:image:type\" content=\"image\/png\" \/>\n<meta name=\"twitter:card\" content=\"summary_large_image\" \/>\n<script type=\"application\/ld+json\" class=\"yoast-schema-graph\">{\"@context\":\"https:\/\/schema.org\",\"@graph\":[{\"@type\":\"WebPage\",\"@id\":\"https:\/\/www.barthelemy-avocats.com\/en\/nos-actualites\/\",\"url\":\"https:\/\/www.barthelemy-avocats.com\/en\/nos-actualites\/\",\"name\":\"L'actualit\u00e9 du droit social par le Cabinet Barth\u00e9l\u00e9my Avocats\",\"isPartOf\":{\"@id\":\"https:\/\/www.barthelemy-avocats.com\/en\/#website\"},\"datePublished\":\"2023-06-19T13:19:07+00:00\",\"dateModified\":\"2025-02-02T19:48:35+00:00\",\"description\":\"Le Cabinet Barth\u00e9l\u00e9my Avocats d\u00e9crypte l'essentiel des actualit\u00e9s en droit social pour faciliter votre veille juridique et RH, au format podcast ou article.\",\"breadcrumb\":{\"@id\":\"https:\/\/www.barthelemy-avocats.com\/en\/nos-actualites\/#breadcrumb\"},\"inLanguage\":\"en-US\",\"potentialAction\":[{\"@type\":\"ReadAction\",\"target\":[\"https:\/\/www.barthelemy-avocats.com\/en\/nos-actualites\/\"]}]},{\"@type\":\"BreadcrumbList\",\"@id\":\"https:\/\/www.barthelemy-avocats.com\/en\/nos-actualites\/#breadcrumb\",\"itemListElement\":[{\"@type\":\"ListItem\",\"position\":1,\"name\":\"Home\",\"item\":\"https:\/\/www.barthelemy-avocats.com\/en\/\"},{\"@type\":\"ListItem\",\"position\":2,\"name\":\"Our news\"}]},{\"@type\":\"WebSite\",\"@id\":\"https:\/\/www.barthelemy-avocats.com\/en\/#website\",\"url\":\"https:\/\/www.barthelemy-avocats.com\/en\/\",\"name\":\"Barth\u00e9l\u00e9my Avocats\",\"description\":\"En voyant plus loin que le droit social Barth\u00e9l\u00e9my Avocats contribue \u00e0 l\u2019acc\u00e9l\u00e9ration du d\u00e9veloppement \u00e9conomique et humain de l\u2019entreprise\",\"publisher\":{\"@id\":\"https:\/\/www.barthelemy-avocats.com\/en\/#organization\"},\"potentialAction\":[{\"@type\":\"SearchAction\",\"target\":{\"@type\":\"EntryPoint\",\"urlTemplate\":\"https:\/\/www.barthelemy-avocats.com\/en\/?s={search_term_string}\"},\"query-input\":{\"@type\":\"PropertyValueSpecification\",\"valueRequired\":true,\"valueName\":\"search_term_string\"}}],\"inLanguage\":\"en-US\"},{\"@type\":\"Organization\",\"@id\":\"https:\/\/www.barthelemy-avocats.com\/en\/#organization\",\"name\":\"Barth\u00e9l\u00e9my Avocats\",\"url\":\"https:\/\/www.barthelemy-avocats.com\/en\/\",\"logo\":{\"@type\":\"ImageObject\",\"inLanguage\":\"en-US\",\"@id\":\"https:\/\/www.barthelemy-avocats.com\/en\/#\/schema\/logo\/image\/\",\"url\":\"https:\/\/www.barthelemy-avocats.com\/wp-content\/uploads\/2023\/08\/logo.png\",\"contentUrl\":\"https:\/\/www.barthelemy-avocats.com\/wp-content\/uploads\/2023\/08\/logo.png\",\"width\":214,\"height\":146,\"caption\":\"Barth\u00e9l\u00e9my Avocats\"},\"image\":{\"@id\":\"https:\/\/www.barthelemy-avocats.com\/en\/#\/schema\/logo\/image\/\"},\"sameAs\":[\"https:\/\/www.linkedin.com\/company\/barth\u00e9l\u00e9my-avocats\/\"]}]}<\/script>\n<!-- \/ Yoast SEO plugin. -->","yoast_head_json":{"title":"L'actualit\u00e9 du droit social par le Cabinet Barth\u00e9l\u00e9my Avocats","description":"Le Cabinet Barth\u00e9l\u00e9my Avocats d\u00e9crypte l'essentiel des actualit\u00e9s en droit social pour faciliter votre veille juridique et RH, au format podcast ou article.","robots":{"index":"index","follow":"follow","max-snippet":"max-snippet:-1","max-image-preview":"max-image-preview:large","max-video-preview":"max-video-preview:-1"},"canonical":"https:\/\/www.barthelemy-avocats.com\/en\/nos-actualites\/","og_locale":"en_US","og_type":"article","og_title":"L'actualit\u00e9 du droit social par le Cabinet Barth\u00e9l\u00e9my Avocats","og_description":"Le Cabinet Barth\u00e9l\u00e9my Avocats d\u00e9crypte l'essentiel des actualit\u00e9s en droit social pour faciliter votre veille juridique et RH, au format podcast ou article.","og_url":"https:\/\/www.barthelemy-avocats.com\/en\/nos-actualites\/","og_site_name":"Barthelemy","article_modified_time":"2025-02-02T19:48:35+00:00","og_image":[{"width":163,"height":82,"url":"https:\/\/www.barthelemy-avocats.com\/wp-content\/uploads\/2023\/08\/symbol.png","type":"image\/png"}],"twitter_card":"summary_large_image","schema":{"@context":"https:\/\/schema.org","@graph":[{"@type":"WebPage","@id":"https:\/\/www.barthelemy-avocats.com\/en\/nos-actualites\/","url":"https:\/\/www.barthelemy-avocats.com\/en\/nos-actualites\/","name":"L'actualit\u00e9 du droit social par le Cabinet Barth\u00e9l\u00e9my Avocats","isPartOf":{"@id":"https:\/\/www.barthelemy-avocats.com\/en\/#website"},"datePublished":"2023-06-19T13:19:07+00:00","dateModified":"2025-02-02T19:48:35+00:00","description":"Le Cabinet Barth\u00e9l\u00e9my Avocats d\u00e9crypte l'essentiel des actualit\u00e9s en droit social pour faciliter votre veille juridique et RH, au format podcast ou article.","breadcrumb":{"@id":"https:\/\/www.barthelemy-avocats.com\/en\/nos-actualites\/#breadcrumb"},"inLanguage":"en-US","potentialAction":[{"@type":"ReadAction","target":["https:\/\/www.barthelemy-avocats.com\/en\/nos-actualites\/"]}]},{"@type":"BreadcrumbList","@id":"https:\/\/www.barthelemy-avocats.com\/en\/nos-actualites\/#breadcrumb","itemListElement":[{"@type":"ListItem","position":1,"name":"Home","item":"https:\/\/www.barthelemy-avocats.com\/en\/"},{"@type":"ListItem","position":2,"name":"Our news"}]},{"@type":"WebSite","@id":"https:\/\/www.barthelemy-avocats.com\/en\/#website","url":"https:\/\/www.barthelemy-avocats.com\/en\/","name":"Barth\u00e9l\u00e9my Avocats","description":"En voyant plus loin que le droit social Barth\u00e9l\u00e9my Avocats contribue \u00e0 l\u2019acc\u00e9l\u00e9ration du d\u00e9veloppement \u00e9conomique et humain de l\u2019entreprise","publisher":{"@id":"https:\/\/www.barthelemy-avocats.com\/en\/#organization"},"potentialAction":[{"@type":"SearchAction","target":{"@type":"EntryPoint","urlTemplate":"https:\/\/www.barthelemy-avocats.com\/en\/?s={search_term_string}"},"query-input":{"@type":"PropertyValueSpecification","valueRequired":true,"valueName":"search_term_string"}}],"inLanguage":"en-US"},{"@type":"Organization","@id":"https:\/\/www.barthelemy-avocats.com\/en\/#organization","name":"Barth\u00e9l\u00e9my Avocats","url":"https:\/\/www.barthelemy-avocats.com\/en\/","logo":{"@type":"ImageObject","inLanguage":"en-US","@id":"https:\/\/www.barthelemy-avocats.com\/en\/#\/schema\/logo\/image\/","url":"https:\/\/www.barthelemy-avocats.com\/wp-content\/uploads\/2023\/08\/logo.png","contentUrl":"https:\/\/www.barthelemy-avocats.com\/wp-content\/uploads\/2023\/08\/logo.png","width":214,"height":146,"caption":"Barth\u00e9l\u00e9my Avocats"},"image":{"@id":"https:\/\/www.barthelemy-avocats.com\/en\/#\/schema\/logo\/image\/"},"sameAs":["https:\/\/www.linkedin.com\/company\/barth\u00e9l\u00e9my-avocats\/"]}]}},"_links":{"self":[{"href":"https:\/\/www.barthelemy-avocats.com\/en\/wp-json\/wp\/v2\/pages\/2984","targetHints":{"allow":["GET"]}}],"collection":[{"href":"https:\/\/www.barthelemy-avocats.com\/en\/wp-json\/wp\/v2\/pages"}],"about":[{"href":"https:\/\/www.barthelemy-avocats.com\/en\/wp-json\/wp\/v2\/types\/page"}],"author":[{"embeddable":true,"href":"https:\/\/www.barthelemy-avocats.com\/en\/wp-json\/wp\/v2\/users\/1"}],"replies":[{"embeddable":true,"href":"https:\/\/www.barthelemy-avocats.com\/en\/wp-json\/wp\/v2\/comments?post=2984"}],"version-history":[{"count":0,"href":"https:\/\/www.barthelemy-avocats.com\/en\/wp-json\/wp\/v2\/pages\/2984\/revisions"}],"wp:attachment":[{"href":"https:\/\/www.barthelemy-avocats.com\/en\/wp-json\/wp\/v2\/media?parent=2984"}],"curies":[{"name":"wp","href":"https:\/\/api.w.org\/{rel}","templated":true}]}}