{"id":2989,"date":"2023-06-19T14:39:56","date_gmt":"2023-06-19T14:39:56","guid":{"rendered":"https:\/\/www.barthelemy-avocats.com\/notre-vision\/"},"modified":"2025-07-09T15:36:56","modified_gmt":"2025-07-09T15:36:56","slug":"our-vision","status":"publish","type":"page","link":"https:\/\/www.barthelemy-avocats.com\/en\/our-vision\/","title":{"rendered":"Our vision"},"content":{"rendered":"    <!-- START OF : Composant : block-periscope-theme-section-composant-banner-vision.php -->\n<div class=\"bg-section-banner-vision position-relative bg-secondary text-white\" id=\"ancre-686e8b60c9f4e\">\n    <div class=\"container\">\n        <div class=\"banner-vision pt-4\">\n            <div class=\"row \">\n                <div class=\"col-lg-6 pb-4  order-lg-last  \">\n                    <h2 class=\"h2 mb-2 mb-lg-4 underline text-primary underline-warning\">Barth\u00e9l\u00e9my lawyers<\/h2>\n                    <p class=\"lead mb-2 mb-lg-8\">Experts in employment law and human resources, Barth\u00e9l\u00e9my lawyers have been helping you with your employment strategy for nearly 60 years.<\/p>\n                    <div class=\"text-l\">\n                        <div>\n\t\t\t\t\t\t\t<p>The role of Barth\u00e9l\u00e9my lawyers is to advise you and propose the strategic options best suited to your needs, in all areas of employment law:<\/p>\n<ul>\n<li>negotiating an agreement on working hours,<\/li>\n<li>setting up employee savings schemes,<\/li>\n<li>social audit before or after a takeover,<\/li>\n<li>customized employment contracts,<\/li>\n<li>organization of professional elections,<\/li>\n<li>etc.<\/li>\n<\/ul>\n                        <\/div>\n                    <\/div>\n                <\/div>\n                <div class=\"col-lg-6 pb-4 pb-lg-0   order-lg-first \">\n                    <div class=\"d-flex flex-column h-100\">\n                        <div class=\"pb-4 pb-lg-0\">\n\t\t\t\t\t\t\t    <!-- START OF : Composant : block-periscope-theme-section-composant-temoignage.php -->\n\n<div class=\"card-temoignage position-relative mx-auto pt-5 pt-lg-7 pb-5 text-secondary\" id=\"ancre-686e8b60c9f4e\">\n    <div class=\"card-temoignage__rond position-absolute t-0 l-0 d-block rounded-circle bg-primary\"><\/div>\n    <div class=\"card-temoignage__carre position-absolute t-0 l-0 d-block rotate-45 bg-info\"><\/div>\n    <div class=\"card-temoignage__text mx-auto rounded-3 text-center p-4 position-relative z-1 bg-white\">\n        <div class=\"lead mb-4 text-center sketch \">\n\t\t\t<p>\u201cThe firm&#8217;s real strength lies in the fact that it sees employment law not as a constraint, but as a technique for organizing companies.\u201d<\/p>\n        <\/div>\n\t\t            <div class=\"card-temoignage__img ratio ratio-1x1 mx-auto mb-1\">\n                <img decoding=\"async\" src=\"https:\/\/www.barthelemy-avocats.com\/wp-content\/uploads\/2024\/01\/LAPALUS-LionelSamain_MG_9641-scaled-e1704466534350.jpg\" alt=\"\" loading=\"lazy\" width=\"120\" height=\"120\"\n                     class=\"rounded-circle\"\/>\n            <\/div>\n\t\t\t        <p class=\"text-s\">\n            <span class=\"fw-semibold d-block\"> Hugues Lapalus<\/span>\n            <span><em> General Manager and Partner <br\/> Barth\u00e9l\u00e9my Clermont-Ferrand<\/em><\/span>\n        <\/p>\n    <\/div>\n<\/div>\n    <!-- END OF : Composant : block-periscope-theme-section-composant-temoignage.php -->\n                        <\/div>\n\t\t\t\t\t\t                    <\/div>\n                <\/div>\n            <\/div>\n        <\/div>\n    <\/div>\n<\/div>\n    <!-- END OF : Composant : block-periscope-theme-section-composant-banner-vision.php -->\n\n\n    <!-- START OF : Composant : block-periscope-theme-section-composant-video.php -->\n<div class=\"container-fluid\" id=\"ancre-6783ca650e45e\">\n    <div class=\"section-video\">\n        <div class=\"row\">\n            <div class=\"col-lg-10 offset-lg-1\">\n\t\t\t\t\n\t\t\t<h2 class=\"underline\">Barth\u00e9l\u00e9my lawyers in action<\/h2>\n\t                <div class=\"row\">\n                    <div class=\"col-6 col-lg-12 mb-2 mb-lg-4\">\n                        <p class=\"text-l\">Discover our manifesto : who we are, our values, what drives us&#8230;<\/p>\n                    <\/div>\n                <\/div>\n            <\/div>\n        <\/div>\n        <div class=\"row\">\n            <div class=\"col-lg-8 offset-lg-1\">\n                <div class=\"mb-lg-10\">\n\t\t\t\t\t    <!-- START OF : Composant : video-player.php -->\n\n<div class=\"video-player position-relative\">\n    <div class=\"ratio ratio-16x9\">\n        <iframe loading=\"lazy\" width=\"560\" height=\"315\" src=\"https:\/\/www.youtube-nocookie.com\/embed\/TCujd0iT-wk?controls=0\" title=\"YouTube video player\" frameborder=\"0\"\n                allow=\"accelerometer; autoplay; clipboard-write; encrypted-media; gyroscope; picture-in-picture\"\n                allowfullscreen><\/iframe>\n    <\/div>\n<\/div>\n\n    <!-- END OF : Composant : video-player.php -->\n                <\/div>\n            <\/div>\n            <div class=\"col-lg-2 d-none d-lg-flex\">\n                <svg width=\"158\" height=\"250\" class=\"mt-auto\">\n                    <use xlink:href=\"https:\/\/www.barthelemy-avocats.com\/wp-content\/themes\/periscope\/assets\/images\/sprite.svg#section-video\"><\/use>\n                <\/svg>\n            <\/div>\n        <\/div>\n    <\/div>\n<\/div>\n    <!-- END OF : Composant : block-periscope-theme-section-composant-video.php -->\n\n\n\t<!-- START OF : Composant : block-periscope-theme-section-composant-banner-image-wysiwyg.php -->\n\t\n<div class=\"container\" id=\"ancre-6783d06020453\">\n\t<div class=\"row align-items-lg-center\">\n\t\t<div class=\"col-lg-6 mt-4 mt-lg-0 order-last order-lg-first\">\n\t\t\t<svg width=\"158\" height=\"250\" class=\"d-none d-lg-block mx-auto\">\n\t\t\t\t<use xlink:href=\"https:\/\/www.barthelemy-avocats.com\/wp-content\/themes\/periscope\/assets\/images\/sprite.svg#section-video\"><\/use>\n\t\t\t<\/svg>\n\n\t\t\t\t\t\t\t<div class=\"ratio ratio-16x9 d-inline-block position-relative text-start\">\n\t\t\t\t\t<img decoding=\"async\" src=\"https:\/\/www.barthelemy-avocats.com\/wp-content\/uploads\/2023\/08\/Decontracte-1-NB-scaled.jpeg\" width=\"443\" height=\"443\" alt=\"https:\/\/www.barthelemy-avocats.com\/wp-content\/uploads\/2023\/08\/Decontracte-1-NB-scaled.jpeg\"\n\t\t\t\t\t\t loading=\"lazy\">\n\t\t\t\t<\/div>\n\t\t\t\t\t\t<\/div>\n\t\t<div class=\"col-lg-6\">\n\t\t\t\n\t\t\t<h2 class=\"underline underline-warning\">A relaxed approach to the law<\/h2>\n\t\t\t\t\t\n\t\t\t\t\t\t\n\t<h3 class=\"text-primary\">The culture of collective intelligence<\/h3>\n\t\t\t\t\t<p class=\"text-l text-black mb-4\">We put our collective intelligence at the service of our customers to provide them with tailor-made solutions, always favoring a lasting partnership.<\/p>\n<p class=\"text-l text-black mb-4\">This is why the firm has developed a number of departments, bringing together lawyers from several offices who work hand in hand to find personalized solutions tailored to each situation.<\/p>\n\t\t\t\t\t\n\t<h3 class=\"text-primary\">A human vision of the company<\/h3>\n\t\t\t\t\t<p class=\"text-l text-black mb-4\">Convinced that people are at the heart of all value creation, we contribute to accelerating the economic and social development of companies.<\/p>\n<p class=\"text-l text-black mb-4\">The concept of employment law as a business organization tool, initiated by Jacques Barth\u00e9l\u00e9my (founder of the firm), has now become our trademark.<\/p>\n<p class=\"text-l text-black mb-4\">This vision of the law means reconciling productivity and employee protection. Our job is to constantly seek added value for companies by adapting standards to each context and each project, with the aim of securing them through contracts, agreements and social dialogue. Through preventive management, the law thus becomes an instrument for preserving the social climate, a factor in improving competitiveness.<\/p>\n\t\t\t\t\t\t\t<\/div>\n\t<\/div>\n<\/div>\n\n\t<!-- END OF : Composant : block-periscope-theme-section-composant-banner-image-wysiwyg.php -->\n","protected":false},"excerpt":{"rendered":"Progress together, behind labor law. ","protected":false},"author":1,"featured_media":0,"parent":0,"menu_order":0,"comment_status":"closed","ping_status":"closed","template":"template-notre-vision.php","meta":{"_acf_changed":true,"footnotes":""},"class_list":["post-2989","page","type-page","status-publish","hentry"],"acf":[],"yoast_head":"<!-- This site is optimized with the Yoast SEO plugin v25.8 - https:\/\/yoast.com\/wordpress\/plugins\/seo\/ -->\n<title>Cabinet Barth\u00e9l\u00e9my Avocats : droit social et ressources humaines<\/title>\n<meta name=\"description\" content=\"Le cabinet Barth\u00e9l\u00e9my Avocats est expert en droit social et ressources humaines. Nous vous accompagnons au quotidien dans la mise en place de votre strat\u00e9gie sociale.\" \/>\n<meta name=\"robots\" content=\"index, follow, max-snippet:-1, max-image-preview:large, max-video-preview:-1\" \/>\n<link rel=\"canonical\" href=\"https:\/\/www.barthelemy-avocats.com\/en\/our-vision\/\" \/>\n<meta property=\"og:locale\" content=\"en_US\" \/>\n<meta property=\"og:type\" content=\"article\" \/>\n<meta property=\"og:title\" content=\"Cabinet Barth\u00e9l\u00e9my Avocats : droit social et ressources humaines\" \/>\n<meta property=\"og:description\" content=\"Le cabinet Barth\u00e9l\u00e9my Avocats est expert en droit social et ressources humaines. Nous vous accompagnons au quotidien dans la mise en place de votre strat\u00e9gie sociale.\" \/>\n<meta property=\"og:url\" content=\"https:\/\/www.barthelemy-avocats.com\/en\/our-vision\/\" \/>\n<meta property=\"og:site_name\" content=\"Barthelemy\" \/>\n<meta property=\"article:modified_time\" content=\"2025-07-09T15:36:56+00:00\" \/>\n<meta property=\"og:image\" content=\"https:\/\/www.barthelemy-avocats.com\/wp-content\/uploads\/2023\/08\/symbol.png\" \/>\n\t<meta property=\"og:image:width\" content=\"163\" \/>\n\t<meta property=\"og:image:height\" content=\"82\" \/>\n\t<meta property=\"og:image:type\" content=\"image\/png\" \/>\n<meta name=\"twitter:card\" content=\"summary_large_image\" \/>\n<script type=\"application\/ld+json\" class=\"yoast-schema-graph\">{\"@context\":\"https:\/\/schema.org\",\"@graph\":[{\"@type\":\"WebPage\",\"@id\":\"https:\/\/www.barthelemy-avocats.com\/en\/our-vision\/\",\"url\":\"https:\/\/www.barthelemy-avocats.com\/en\/our-vision\/\",\"name\":\"Cabinet Barth\u00e9l\u00e9my Avocats : droit social et ressources humaines\",\"isPartOf\":{\"@id\":\"https:\/\/www.barthelemy-avocats.com\/en\/#website\"},\"datePublished\":\"2023-06-19T14:39:56+00:00\",\"dateModified\":\"2025-07-09T15:36:56+00:00\",\"description\":\"Le cabinet Barth\u00e9l\u00e9my Avocats est expert en droit social et ressources humaines. Nous vous accompagnons au quotidien dans la mise en place de votre strat\u00e9gie sociale.\",\"breadcrumb\":{\"@id\":\"https:\/\/www.barthelemy-avocats.com\/en\/our-vision\/#breadcrumb\"},\"inLanguage\":\"en-US\",\"potentialAction\":[{\"@type\":\"ReadAction\",\"target\":[\"https:\/\/www.barthelemy-avocats.com\/en\/our-vision\/\"]}]},{\"@type\":\"BreadcrumbList\",\"@id\":\"https:\/\/www.barthelemy-avocats.com\/en\/our-vision\/#breadcrumb\",\"itemListElement\":[{\"@type\":\"ListItem\",\"position\":1,\"name\":\"Home\",\"item\":\"https:\/\/www.barthelemy-avocats.com\/en\/\"},{\"@type\":\"ListItem\",\"position\":2,\"name\":\"Our vision\"}]},{\"@type\":\"WebSite\",\"@id\":\"https:\/\/www.barthelemy-avocats.com\/en\/#website\",\"url\":\"https:\/\/www.barthelemy-avocats.com\/en\/\",\"name\":\"Barth\u00e9l\u00e9my Avocats\",\"description\":\"En voyant plus loin que le droit social Barth\u00e9l\u00e9my Avocats contribue \u00e0 l\u2019acc\u00e9l\u00e9ration du d\u00e9veloppement \u00e9conomique et humain de l\u2019entreprise\",\"publisher\":{\"@id\":\"https:\/\/www.barthelemy-avocats.com\/en\/#organization\"},\"potentialAction\":[{\"@type\":\"SearchAction\",\"target\":{\"@type\":\"EntryPoint\",\"urlTemplate\":\"https:\/\/www.barthelemy-avocats.com\/en\/?s={search_term_string}\"},\"query-input\":{\"@type\":\"PropertyValueSpecification\",\"valueRequired\":true,\"valueName\":\"search_term_string\"}}],\"inLanguage\":\"en-US\"},{\"@type\":\"Organization\",\"@id\":\"https:\/\/www.barthelemy-avocats.com\/en\/#organization\",\"name\":\"Barth\u00e9l\u00e9my Avocats\",\"url\":\"https:\/\/www.barthelemy-avocats.com\/en\/\",\"logo\":{\"@type\":\"ImageObject\",\"inLanguage\":\"en-US\",\"@id\":\"https:\/\/www.barthelemy-avocats.com\/en\/#\/schema\/logo\/image\/\",\"url\":\"https:\/\/www.barthelemy-avocats.com\/wp-content\/uploads\/2023\/08\/logo.png\",\"contentUrl\":\"https:\/\/www.barthelemy-avocats.com\/wp-content\/uploads\/2023\/08\/logo.png\",\"width\":214,\"height\":146,\"caption\":\"Barth\u00e9l\u00e9my Avocats\"},\"image\":{\"@id\":\"https:\/\/www.barthelemy-avocats.com\/en\/#\/schema\/logo\/image\/\"},\"sameAs\":[\"https:\/\/www.linkedin.com\/company\/barth\u00e9l\u00e9my-avocats\/\"]}]}<\/script>\n<!-- \/ Yoast SEO plugin. -->","yoast_head_json":{"title":"Cabinet Barth\u00e9l\u00e9my Avocats : droit social et ressources humaines","description":"Le cabinet Barth\u00e9l\u00e9my Avocats est expert en droit social et ressources humaines. Nous vous accompagnons au quotidien dans la mise en place de votre strat\u00e9gie sociale.","robots":{"index":"index","follow":"follow","max-snippet":"max-snippet:-1","max-image-preview":"max-image-preview:large","max-video-preview":"max-video-preview:-1"},"canonical":"https:\/\/www.barthelemy-avocats.com\/en\/our-vision\/","og_locale":"en_US","og_type":"article","og_title":"Cabinet Barth\u00e9l\u00e9my Avocats : droit social et ressources humaines","og_description":"Le cabinet Barth\u00e9l\u00e9my Avocats est expert en droit social et ressources humaines. Nous vous accompagnons au quotidien dans la mise en place de votre strat\u00e9gie sociale.","og_url":"https:\/\/www.barthelemy-avocats.com\/en\/our-vision\/","og_site_name":"Barthelemy","article_modified_time":"2025-07-09T15:36:56+00:00","og_image":[{"width":163,"height":82,"url":"https:\/\/www.barthelemy-avocats.com\/wp-content\/uploads\/2023\/08\/symbol.png","type":"image\/png"}],"twitter_card":"summary_large_image","schema":{"@context":"https:\/\/schema.org","@graph":[{"@type":"WebPage","@id":"https:\/\/www.barthelemy-avocats.com\/en\/our-vision\/","url":"https:\/\/www.barthelemy-avocats.com\/en\/our-vision\/","name":"Cabinet Barth\u00e9l\u00e9my Avocats : droit social et ressources humaines","isPartOf":{"@id":"https:\/\/www.barthelemy-avocats.com\/en\/#website"},"datePublished":"2023-06-19T14:39:56+00:00","dateModified":"2025-07-09T15:36:56+00:00","description":"Le cabinet Barth\u00e9l\u00e9my Avocats est expert en droit social et ressources humaines. Nous vous accompagnons au quotidien dans la mise en place de votre strat\u00e9gie sociale.","breadcrumb":{"@id":"https:\/\/www.barthelemy-avocats.com\/en\/our-vision\/#breadcrumb"},"inLanguage":"en-US","potentialAction":[{"@type":"ReadAction","target":["https:\/\/www.barthelemy-avocats.com\/en\/our-vision\/"]}]},{"@type":"BreadcrumbList","@id":"https:\/\/www.barthelemy-avocats.com\/en\/our-vision\/#breadcrumb","itemListElement":[{"@type":"ListItem","position":1,"name":"Home","item":"https:\/\/www.barthelemy-avocats.com\/en\/"},{"@type":"ListItem","position":2,"name":"Our vision"}]},{"@type":"WebSite","@id":"https:\/\/www.barthelemy-avocats.com\/en\/#website","url":"https:\/\/www.barthelemy-avocats.com\/en\/","name":"Barth\u00e9l\u00e9my Avocats","description":"En voyant plus loin que le droit social Barth\u00e9l\u00e9my Avocats contribue \u00e0 l\u2019acc\u00e9l\u00e9ration du d\u00e9veloppement \u00e9conomique et humain de l\u2019entreprise","publisher":{"@id":"https:\/\/www.barthelemy-avocats.com\/en\/#organization"},"potentialAction":[{"@type":"SearchAction","target":{"@type":"EntryPoint","urlTemplate":"https:\/\/www.barthelemy-avocats.com\/en\/?s={search_term_string}"},"query-input":{"@type":"PropertyValueSpecification","valueRequired":true,"valueName":"search_term_string"}}],"inLanguage":"en-US"},{"@type":"Organization","@id":"https:\/\/www.barthelemy-avocats.com\/en\/#organization","name":"Barth\u00e9l\u00e9my Avocats","url":"https:\/\/www.barthelemy-avocats.com\/en\/","logo":{"@type":"ImageObject","inLanguage":"en-US","@id":"https:\/\/www.barthelemy-avocats.com\/en\/#\/schema\/logo\/image\/","url":"https:\/\/www.barthelemy-avocats.com\/wp-content\/uploads\/2023\/08\/logo.png","contentUrl":"https:\/\/www.barthelemy-avocats.com\/wp-content\/uploads\/2023\/08\/logo.png","width":214,"height":146,"caption":"Barth\u00e9l\u00e9my Avocats"},"image":{"@id":"https:\/\/www.barthelemy-avocats.com\/en\/#\/schema\/logo\/image\/"},"sameAs":["https:\/\/www.linkedin.com\/company\/barth\u00e9l\u00e9my-avocats\/"]}]}},"_links":{"self":[{"href":"https:\/\/www.barthelemy-avocats.com\/en\/wp-json\/wp\/v2\/pages\/2989","targetHints":{"allow":["GET"]}}],"collection":[{"href":"https:\/\/www.barthelemy-avocats.com\/en\/wp-json\/wp\/v2\/pages"}],"about":[{"href":"https:\/\/www.barthelemy-avocats.com\/en\/wp-json\/wp\/v2\/types\/page"}],"author":[{"embeddable":true,"href":"https:\/\/www.barthelemy-avocats.com\/en\/wp-json\/wp\/v2\/users\/1"}],"replies":[{"embeddable":true,"href":"https:\/\/www.barthelemy-avocats.com\/en\/wp-json\/wp\/v2\/comments?post=2989"}],"version-history":[{"count":0,"href":"https:\/\/www.barthelemy-avocats.com\/en\/wp-json\/wp\/v2\/pages\/2989\/revisions"}],"wp:attachment":[{"href":"https:\/\/www.barthelemy-avocats.com\/en\/wp-json\/wp\/v2\/media?parent=2989"}],"curies":[{"name":"wp","href":"https:\/\/api.w.org\/{rel}","templated":true}]}}