{"id":3005,"date":"2023-07-03T10:19:40","date_gmt":"2023-07-03T10:19:40","guid":{"rendered":"https:\/\/www.barthelemy-avocats.com\/donnees-personnelles\/"},"modified":"2025-01-19T10:30:01","modified_gmt":"2025-01-19T10:30:01","slug":"privacy-policy","status":"publish","type":"page","link":"https:\/\/www.barthelemy-avocats.com\/en\/privacy-policy\/","title":{"rendered":"Privacy policy"},"content":{"rendered":"\n<p><\/p>\n\n\n\n<h3 class=\"wp-block-heading\">1 &#8211; Preamble<\/h3>\n\n\n\n<p>BARTH\u00c9L\u00c9MY AVOCATS is aware of the importance of ensuring data confidentiality, and is strongly committed to the protection of personal data. The purpose of the present data protection policy is to inform you of the commitments and practical measures taken by the firm to ensure respect for your personal data. The present privacy policy may evolve according to the legal and regulatory context and the doctrine of the CNIL.<\/p>\n\n\n\n<h3 class=\"wp-block-heading\">2 &#8211; Collected data<\/h3>\n\n\n\n<p>BARTH\u00c9L\u00c9MY AVOCATS only collects and processes data that is strictly necessary for the purpose for which it is processed (data minimization).<\/p>\n\n\n\n<h3 class=\"wp-block-heading\">3 &#8211; Purpose of data collection<\/h3>\n\n\n\n<p>BARTH\u00c9L\u00c9MY AVOCATS processes data for explicit, legitimate and specific purposes.<\/p>\n\n\n\n<p>Your data is processed mainly for the following purposes :<\/p>\n\n\n\n<ul class=\"wp-block-list\">\n<li>managing your registration for events organized by BARTH\u00c9L\u00c9MY AVOCATS ;<\/li>\n\n\n\n<li>managing your subscription to BARTH\u00c9L\u00c9MY AVOCATS publications;<\/li>\n\n\n\n<li>sending you invitations to events and training courses organized by BARTH\u00c9L\u00c9MY AVOCATS and\/or its partners.<\/li>\n<\/ul>\n\n\n\n<h3 class=\"wp-block-heading\">4 &#8211; User information<\/h3>\n\n\n\n<p>In accordance with the French Data Protection Act, BARTH\u00c9L\u00c9MY AVOCATS informs you about the processing of your personal data.<\/p>\n\n\n\n<p>Thus, BARTH\u00c9L\u00c9MY AVOCATS will inform you, in a clear manner, of the personal data collected, in particular :<\/p>\n\n\n\n<ul class=\"wp-block-list\">\n<li>the identity and contact details of the data controller and, where applicable, of the data controller&#8217;s representative (Hugues LAPALUS, Chairman);<\/li>\n\n\n\n<li>the purposes of the processing for which the personal data is intended, and the legal basis for the processing;<\/li>\n\n\n\n<li>where applicable, the legitimate interests pursued by BARTH\u00c9L\u00c9MY AVOCATS or by a third party;<\/li>\n\n\n\n<li>the recipients or categories of recipients of personal data;<\/li>\n\n\n\n<li>where applicable, the fact that BARTH\u00c9L\u00c9MY AVOCATS intends to transfer personal data to a third country or to an international organization;<\/li>\n\n\n\n<li>the contact at BARTH\u00c9L\u00c9MY AVOCATS who can tell you how long your personal data will be kept, or the criteria used to determine this period;<\/li>\n\n\n\n<li>the existence of the right to ask BARTH\u00c9L\u00c9MY AVOCATS for access to personal data, for rectification or deletion of such data, or for a restriction on processing, or the right to object to processing and the right to data portability, as well as the possibility of defining the fate of one&#8217;s data after death;<\/li>\n\n\n\n<li>the right to withdraw consent at any time, without affecting the lawfulness of processing based on consent given prior to withdrawal;<\/li>\n\n\n\n<li>the right to lodge a complaint with a supervisory authority;<\/li>\n\n\n\n<li>information on whether the requirement to provide personal data is of a regulatory or contractual nature, or whether it is a condition for the conclusion of a contract, and whether the data subject is obliged to provide the personal data, as well as on the possible consequences of failing to provide such data;<\/li>\n\n\n\n<li>the existence of automated decision-making, including profiling, as well as useful information concerning the underlying logic, and the importance and expected consequences of such processing.<\/li>\n<\/ul>\n\n\n\n<h3 class=\"wp-block-heading\">5 &#8211; Data recipients<\/h3>\n\n\n\n<p>BARTH\u00c9L\u00c9MY AVOCATS only communicates your personal data to authorized and specified recipients. The recipients of your personal data are the relevant departments of BARTH\u00c9L\u00c9MY AVOCATS.<\/p>\n\n\n\n<h3 class=\"wp-block-heading\">6 &#8211; Data retention<\/h3>\n\n\n\n<p>BARTH\u00c9L\u00c9MY AVOCATS will only keep your data for as long as is necessary for the purposes for which it was collected and in compliance with current legislation.<\/p>\n\n\n\n<h3 class=\"wp-block-heading\">7 &#8211; Security<\/h3>\n\n\n\n<p>BARTH\u00c9L\u00c9MY AVOCATS ensures the security of your personal data by implementing enhanced data protection through the use of physical and logical security measures.<\/p>\n\n\n\n<h3 class=\"wp-block-heading\">8 &#8211; Your rights<\/h3>\n\n\n\n<p>In accordance with the amended French Data Protection Act, you have the right to access, rectify, delete, limit the processing of, port and define the fate of your data after your death in relation to all data concerning you. You can exercise this right by sending an e-mail to the following address: communication@barthelemy-avocats.com or by post to the following address, for the attention of the Communications Department, 58 Avenue Marceau &#8211; 75008 Paris, accompanied by a copy of a signed identity document.<\/p>\n\n\n\n<h3 class=\"wp-block-heading\">9 &#8211; Contact<\/h3>\n\n\n\n<p>For any information concerning the personal data protection policy implemented by BARTH\u00c9L\u00c9MY AVOCATS, please contact Barth\u00e9l\u00e9my Avocats &#8211; R\u00e9sidence \u201c Les Parcs \u201d &#8211; 39 rue Amad\u00e9o CS 20008 &#8211; 63057 Clermont-Ferrand cedex 01.<\/p>\n","protected":false},"excerpt":{"rendered":"Contact us : communication@barthelemy-avocats.com","protected":false},"author":1,"featured_media":0,"parent":0,"menu_order":1000,"comment_status":"closed","ping_status":"closed","template":"","meta":{"_acf_changed":false,"footnotes":""},"class_list":["post-3005","page","type-page","status-publish","hentry"],"acf":[],"yoast_head":"<!-- This site is optimized with the Yoast SEO plugin v25.8 - https:\/\/yoast.com\/wordpress\/plugins\/seo\/ -->\n<title>Privacy policy - Barthelemy<\/title>\n<meta name=\"robots\" content=\"index, follow, max-snippet:-1, max-image-preview:large, max-video-preview:-1\" \/>\n<link rel=\"canonical\" href=\"https:\/\/www.barthelemy-avocats.com\/en\/privacy-policy\/\" \/>\n<meta property=\"og:locale\" content=\"en_US\" \/>\n<meta property=\"og:type\" content=\"article\" \/>\n<meta property=\"og:title\" content=\"Privacy policy - Barthelemy\" \/>\n<meta property=\"og:description\" content=\"Contact us : communication@barthelemy-avocats.com\" \/>\n<meta property=\"og:url\" content=\"https:\/\/www.barthelemy-avocats.com\/en\/privacy-policy\/\" \/>\n<meta property=\"og:site_name\" content=\"Barthelemy\" \/>\n<meta property=\"article:modified_time\" content=\"2025-01-19T10:30:01+00:00\" \/>\n<meta property=\"og:image\" content=\"https:\/\/www.barthelemy-avocats.com\/wp-content\/uploads\/2023\/08\/symbol.png\" \/>\n\t<meta property=\"og:image:width\" content=\"163\" \/>\n\t<meta property=\"og:image:height\" content=\"82\" \/>\n\t<meta property=\"og:image:type\" content=\"image\/png\" \/>\n<meta name=\"twitter:card\" content=\"summary_large_image\" \/>\n<meta name=\"twitter:label1\" content=\"Est. reading time\" \/>\n\t<meta name=\"twitter:data1\" content=\"4 minutes\" \/>\n<script type=\"application\/ld+json\" class=\"yoast-schema-graph\">{\"@context\":\"https:\/\/schema.org\",\"@graph\":[{\"@type\":\"WebPage\",\"@id\":\"https:\/\/www.barthelemy-avocats.com\/en\/privacy-policy\/\",\"url\":\"https:\/\/www.barthelemy-avocats.com\/en\/privacy-policy\/\",\"name\":\"Privacy policy - Barthelemy\",\"isPartOf\":{\"@id\":\"https:\/\/www.barthelemy-avocats.com\/en\/#website\"},\"datePublished\":\"2023-07-03T10:19:40+00:00\",\"dateModified\":\"2025-01-19T10:30:01+00:00\",\"breadcrumb\":{\"@id\":\"https:\/\/www.barthelemy-avocats.com\/en\/privacy-policy\/#breadcrumb\"},\"inLanguage\":\"en-US\",\"potentialAction\":[{\"@type\":\"ReadAction\",\"target\":[\"https:\/\/www.barthelemy-avocats.com\/en\/privacy-policy\/\"]}]},{\"@type\":\"BreadcrumbList\",\"@id\":\"https:\/\/www.barthelemy-avocats.com\/en\/privacy-policy\/#breadcrumb\",\"itemListElement\":[{\"@type\":\"ListItem\",\"position\":1,\"name\":\"Home\",\"item\":\"https:\/\/www.barthelemy-avocats.com\/en\/\"},{\"@type\":\"ListItem\",\"position\":2,\"name\":\"Privacy policy\"}]},{\"@type\":\"WebSite\",\"@id\":\"https:\/\/www.barthelemy-avocats.com\/en\/#website\",\"url\":\"https:\/\/www.barthelemy-avocats.com\/en\/\",\"name\":\"Barth\u00e9l\u00e9my Avocats\",\"description\":\"En voyant plus loin que le droit social Barth\u00e9l\u00e9my Avocats contribue \u00e0 l\u2019acc\u00e9l\u00e9ration du d\u00e9veloppement \u00e9conomique et humain de l\u2019entreprise\",\"publisher\":{\"@id\":\"https:\/\/www.barthelemy-avocats.com\/en\/#organization\"},\"potentialAction\":[{\"@type\":\"SearchAction\",\"target\":{\"@type\":\"EntryPoint\",\"urlTemplate\":\"https:\/\/www.barthelemy-avocats.com\/en\/?s={search_term_string}\"},\"query-input\":{\"@type\":\"PropertyValueSpecification\",\"valueRequired\":true,\"valueName\":\"search_term_string\"}}],\"inLanguage\":\"en-US\"},{\"@type\":\"Organization\",\"@id\":\"https:\/\/www.barthelemy-avocats.com\/en\/#organization\",\"name\":\"Barth\u00e9l\u00e9my Avocats\",\"url\":\"https:\/\/www.barthelemy-avocats.com\/en\/\",\"logo\":{\"@type\":\"ImageObject\",\"inLanguage\":\"en-US\",\"@id\":\"https:\/\/www.barthelemy-avocats.com\/en\/#\/schema\/logo\/image\/\",\"url\":\"https:\/\/www.barthelemy-avocats.com\/wp-content\/uploads\/2023\/08\/logo.png\",\"contentUrl\":\"https:\/\/www.barthelemy-avocats.com\/wp-content\/uploads\/2023\/08\/logo.png\",\"width\":214,\"height\":146,\"caption\":\"Barth\u00e9l\u00e9my Avocats\"},\"image\":{\"@id\":\"https:\/\/www.barthelemy-avocats.com\/en\/#\/schema\/logo\/image\/\"},\"sameAs\":[\"https:\/\/www.linkedin.com\/company\/barth\u00e9l\u00e9my-avocats\/\"]}]}<\/script>\n<!-- \/ Yoast SEO plugin. -->","yoast_head_json":{"title":"Privacy policy - Barthelemy","robots":{"index":"index","follow":"follow","max-snippet":"max-snippet:-1","max-image-preview":"max-image-preview:large","max-video-preview":"max-video-preview:-1"},"canonical":"https:\/\/www.barthelemy-avocats.com\/en\/privacy-policy\/","og_locale":"en_US","og_type":"article","og_title":"Privacy policy - Barthelemy","og_description":"Contact us : communication@barthelemy-avocats.com","og_url":"https:\/\/www.barthelemy-avocats.com\/en\/privacy-policy\/","og_site_name":"Barthelemy","article_modified_time":"2025-01-19T10:30:01+00:00","og_image":[{"width":163,"height":82,"url":"https:\/\/www.barthelemy-avocats.com\/wp-content\/uploads\/2023\/08\/symbol.png","type":"image\/png"}],"twitter_card":"summary_large_image","twitter_misc":{"Est. reading time":"4 minutes"},"schema":{"@context":"https:\/\/schema.org","@graph":[{"@type":"WebPage","@id":"https:\/\/www.barthelemy-avocats.com\/en\/privacy-policy\/","url":"https:\/\/www.barthelemy-avocats.com\/en\/privacy-policy\/","name":"Privacy policy - Barthelemy","isPartOf":{"@id":"https:\/\/www.barthelemy-avocats.com\/en\/#website"},"datePublished":"2023-07-03T10:19:40+00:00","dateModified":"2025-01-19T10:30:01+00:00","breadcrumb":{"@id":"https:\/\/www.barthelemy-avocats.com\/en\/privacy-policy\/#breadcrumb"},"inLanguage":"en-US","potentialAction":[{"@type":"ReadAction","target":["https:\/\/www.barthelemy-avocats.com\/en\/privacy-policy\/"]}]},{"@type":"BreadcrumbList","@id":"https:\/\/www.barthelemy-avocats.com\/en\/privacy-policy\/#breadcrumb","itemListElement":[{"@type":"ListItem","position":1,"name":"Home","item":"https:\/\/www.barthelemy-avocats.com\/en\/"},{"@type":"ListItem","position":2,"name":"Privacy policy"}]},{"@type":"WebSite","@id":"https:\/\/www.barthelemy-avocats.com\/en\/#website","url":"https:\/\/www.barthelemy-avocats.com\/en\/","name":"Barth\u00e9l\u00e9my Avocats","description":"En voyant plus loin que le droit social Barth\u00e9l\u00e9my Avocats contribue \u00e0 l\u2019acc\u00e9l\u00e9ration du d\u00e9veloppement \u00e9conomique et humain de l\u2019entreprise","publisher":{"@id":"https:\/\/www.barthelemy-avocats.com\/en\/#organization"},"potentialAction":[{"@type":"SearchAction","target":{"@type":"EntryPoint","urlTemplate":"https:\/\/www.barthelemy-avocats.com\/en\/?s={search_term_string}"},"query-input":{"@type":"PropertyValueSpecification","valueRequired":true,"valueName":"search_term_string"}}],"inLanguage":"en-US"},{"@type":"Organization","@id":"https:\/\/www.barthelemy-avocats.com\/en\/#organization","name":"Barth\u00e9l\u00e9my Avocats","url":"https:\/\/www.barthelemy-avocats.com\/en\/","logo":{"@type":"ImageObject","inLanguage":"en-US","@id":"https:\/\/www.barthelemy-avocats.com\/en\/#\/schema\/logo\/image\/","url":"https:\/\/www.barthelemy-avocats.com\/wp-content\/uploads\/2023\/08\/logo.png","contentUrl":"https:\/\/www.barthelemy-avocats.com\/wp-content\/uploads\/2023\/08\/logo.png","width":214,"height":146,"caption":"Barth\u00e9l\u00e9my Avocats"},"image":{"@id":"https:\/\/www.barthelemy-avocats.com\/en\/#\/schema\/logo\/image\/"},"sameAs":["https:\/\/www.linkedin.com\/company\/barth\u00e9l\u00e9my-avocats\/"]}]}},"_links":{"self":[{"href":"https:\/\/www.barthelemy-avocats.com\/en\/wp-json\/wp\/v2\/pages\/3005","targetHints":{"allow":["GET"]}}],"collection":[{"href":"https:\/\/www.barthelemy-avocats.com\/en\/wp-json\/wp\/v2\/pages"}],"about":[{"href":"https:\/\/www.barthelemy-avocats.com\/en\/wp-json\/wp\/v2\/types\/page"}],"author":[{"embeddable":true,"href":"https:\/\/www.barthelemy-avocats.com\/en\/wp-json\/wp\/v2\/users\/1"}],"replies":[{"embeddable":true,"href":"https:\/\/www.barthelemy-avocats.com\/en\/wp-json\/wp\/v2\/comments?post=3005"}],"version-history":[{"count":0,"href":"https:\/\/www.barthelemy-avocats.com\/en\/wp-json\/wp\/v2\/pages\/3005\/revisions"}],"wp:attachment":[{"href":"https:\/\/www.barthelemy-avocats.com\/en\/wp-json\/wp\/v2\/media?parent=3005"}],"curies":[{"name":"wp","href":"https:\/\/api.w.org\/{rel}","templated":true}]}}