{"id":3006,"date":"2023-06-19T13:25:04","date_gmt":"2023-06-19T13:25:04","guid":{"rendered":"https:\/\/www.barthelemy-avocats.com\/mentions-legales\/"},"modified":"2025-09-22T14:36:29","modified_gmt":"2025-09-22T14:36:29","slug":"legal-mentions-en","status":"publish","type":"page","link":"https:\/\/www.barthelemy-avocats.com\/en\/legal-mentions-en\/","title":{"rendered":"Legal mentions"},"content":{"rendered":"\n<p>Barth\u00e9l\u00e9my Avocats is pleased to welcome you to its website, which contains information designed to help you discover the company and its activities. The sole purpose of this site is to provide information about the firm and its activities. It is not intended to provide online legal services. The information contained herein is non-contractual and intended for personal, non-commercial use only.<\/p>\n\n\n\n<p>This website is the property of SELAS Barth\u00e9l\u00e9my Avocats.<\/p>\n\n\n\n<p><strong>Website name :<\/strong> <a href=\"http:\/\/www.barthelemy-avocats.com\">www.barthelemy-avocats.com<\/a><\/p>\n\n\n\n<p><strong>Website editor :<\/strong> SELAS Barth\u00e9l\u00e9my Avocats<\/p>\n\n\n\n<p>Liberal practice company of lawyers with variable capital, with a minimum capital of 3,000,000 euros<\/p>\n\n\n\n<p>Headquartered at 39, rue Amad\u00e9o 63000 Clermont-Ferrand, France<br>registered with the RCS of Clermont-Ferrand under no. 493 390 991<\/p>\n\n\n\n<p>Siret number 493 390 991 000 13<br>VAT number : FR 30 493 390 991<\/p>\n\n\n\n<p>Phone : +33 (0)4 73 19 28 50<\/p>\n\n\n\n<p><strong>Email :<\/strong> <a href=\"mailto:clermont@barthelemy-avocats.com\">clermont@barthelemy-avocats.com<\/a><\/p>\n\n\n\n<p><strong>Head of Publication :<\/strong> Mr. Hugues Lapalus<\/p>\n\n\n\n<p>SELAS Barth\u00e9l\u00e9my Avocats is an independent legal practice registered with the Clermont-Ferrand Bar Association. With regard to website creation and publication, it complies with the specific provisions of the RNI for the legal profession set out in Act 71-1130 of December 31, 1971, as amended, and with the decisions of the CLERMONT FERRAND Bar Association.<\/p>\n\n\n\n<p><strong>Gender Equality Index :<\/strong> <a href=\"https:\/\/www.barthelemy-avocats.com\/wp-content\/uploads\/2024\/02\/Tableur_entreprises_de_50_a_250_salaries-INDEX-2023.pdf\">click here<\/a><\/p>\n\n\n\n<p><strong>Site design and production :<\/strong> <a href=\"https:\/\/www.periscope.digital\/\" target=\"_blank\" rel=\"noreferrer noopener\">Periscope Creations<\/a> &#8211; 8 Rue Georges Besse, 63100 Clermont-Ferrand<\/p>\n\n\n<!-- START OF : Composant : block-periscope-theme-section-composant-espace.php -->\n<div class=\"espace pb-7 pb-lg-9\"><\/div>\n<!-- END OF : Composant : block-periscope-theme-section-composant-espace.php -->\n\n\n\n<h2 class=\"wp-block-heading\">SITE MONITORING<\/h2>\n\n\n\n<h3 class=\"wp-block-heading\">Hosting<\/h3>\n\n\n\n<p><a href=\"https:\/\/www.ovhcloud.com\/fr\/\" target=\"_blank\" rel=\"noreferrer noopener\">OVH<\/a> simplified joint stock company, Head office : 2 rue Kellermann \u2013 59100 Roubaix \u2013 France<\/p>\n\n\n\n<p>Users of the website acknowledge that they have the skills and resources required to access and use this website. They also acknowledge that they have read the present legal notice and undertake to comply with it.<\/p>\n\n\n\n<h3 class=\"wp-block-heading\">Technical information<\/h3>\n\n\n\n<p>It is reminded that the secrecy of correspondence is not guaranteed on the Internet and that it is the responsibility of each Internet user to take all appropriate measures to protect their own data and\/or software from contamination by any viruses circulating on the Internet.<\/p>\n\n\n\n<h3 class=\"wp-block-heading\">Hyperlinks<\/h3>\n\n\n\n<p>The creation of hypertext links to the site is subject to the prior agreement of the Publication Director. Hypertext links from the SELAS Barth\u00e9l\u00e9my Avocats site to other sites do not, under any circumstances, incur the liability of the publisher.<\/p>\n\n\n\n<h3 class=\"wp-block-heading\">Copyrights<\/h3>\n\n\n\n<p>In accordance with the laws governing literary and artistic property rights or neighboring rights, the reproduction and representation of all or part of the elements making up this site are strictly forbidden.<\/p>\n\n\n\n<p>Any total or partial representation of this site by any process whatsoever, without the express authorization of the website operator, is prohibited and constitutes an infringement punishable by articles L 335-2 et seq. of the French Intellectual Property Code.<\/p>\n\n\n\n<h3 class=\"wp-block-heading\">Photo credits<\/h3>\n\n\n\n<p>Our website uses images from Getty Images and Adobe Stock. Photo credit Getty Images and Adobe Stock.<\/p>\n\n\n\n<h3 class=\"wp-block-heading\">Updates<\/h3>\n\n\n\n<p>The publisher makes every effort to ensure that the information published on this site is accurate and up-to-date, and consequently reserves the right to correct the content at any time and without notice. However, given the specific nature of the Internet, the publisher cannot guarantee its exhaustiveness or the absence of modification by a third party (intrusion, virus).<\/p>\n\n\n\n<p>The publisher declines all responsibility, direct or indirect, in the event of interruption or unavailability of the service.<\/p>\n\n\n\n<p>Likewise, the publisher declines all responsibility for any delay, error or omission in the content of the site or its updating, and for any use that may be made thereof by third parties.<\/p>\n","protected":false},"excerpt":{"rendered":"Barth\u00e9l\u00e9my Avocats is pleased to welcome you to its website, which contains information designed to help you discover the company and its activities. The sole purpose of this site is &#8230;","protected":false},"author":1,"featured_media":0,"parent":0,"menu_order":100,"comment_status":"closed","ping_status":"closed","template":"","meta":{"_acf_changed":false,"footnotes":""},"class_list":["post-3006","page","type-page","status-publish","hentry"],"acf":[],"yoast_head":"<!-- This site is optimized with the Yoast SEO plugin v25.8 - https:\/\/yoast.com\/wordpress\/plugins\/seo\/ -->\n<title>Legal mentions - Barthelemy<\/title>\n<meta name=\"robots\" content=\"index, follow, max-snippet:-1, max-image-preview:large, max-video-preview:-1\" \/>\n<link rel=\"canonical\" href=\"https:\/\/www.barthelemy-avocats.com\/en\/legal-mentions-en\/\" \/>\n<meta property=\"og:locale\" content=\"en_US\" \/>\n<meta property=\"og:type\" content=\"article\" \/>\n<meta property=\"og:title\" content=\"Legal mentions - Barthelemy\" \/>\n<meta property=\"og:description\" content=\"Barth\u00e9l\u00e9my Avocats is pleased to welcome you to its website, which contains information designed to help you discover the company and its activities. The sole purpose of this site is ...\" \/>\n<meta property=\"og:url\" content=\"https:\/\/www.barthelemy-avocats.com\/en\/legal-mentions-en\/\" \/>\n<meta property=\"og:site_name\" content=\"Barthelemy\" \/>\n<meta property=\"article:modified_time\" content=\"2025-09-22T14:36:29+00:00\" \/>\n<meta property=\"og:image\" content=\"https:\/\/www.barthelemy-avocats.com\/wp-content\/uploads\/2023\/08\/symbol.png\" \/>\n\t<meta property=\"og:image:width\" content=\"163\" \/>\n\t<meta property=\"og:image:height\" content=\"82\" \/>\n\t<meta property=\"og:image:type\" content=\"image\/png\" \/>\n<meta name=\"twitter:card\" content=\"summary_large_image\" \/>\n<meta name=\"twitter:label1\" content=\"Est. reading time\" \/>\n\t<meta name=\"twitter:data1\" content=\"3 minutes\" \/>\n<script type=\"application\/ld+json\" class=\"yoast-schema-graph\">{\"@context\":\"https:\/\/schema.org\",\"@graph\":[{\"@type\":\"WebPage\",\"@id\":\"https:\/\/www.barthelemy-avocats.com\/en\/legal-mentions-en\/\",\"url\":\"https:\/\/www.barthelemy-avocats.com\/en\/legal-mentions-en\/\",\"name\":\"Legal mentions - Barthelemy\",\"isPartOf\":{\"@id\":\"https:\/\/www.barthelemy-avocats.com\/en\/#website\"},\"datePublished\":\"2023-06-19T13:25:04+00:00\",\"dateModified\":\"2025-09-22T14:36:29+00:00\",\"breadcrumb\":{\"@id\":\"https:\/\/www.barthelemy-avocats.com\/en\/legal-mentions-en\/#breadcrumb\"},\"inLanguage\":\"en-US\",\"potentialAction\":[{\"@type\":\"ReadAction\",\"target\":[\"https:\/\/www.barthelemy-avocats.com\/en\/legal-mentions-en\/\"]}]},{\"@type\":\"BreadcrumbList\",\"@id\":\"https:\/\/www.barthelemy-avocats.com\/en\/legal-mentions-en\/#breadcrumb\",\"itemListElement\":[{\"@type\":\"ListItem\",\"position\":1,\"name\":\"Home\",\"item\":\"https:\/\/www.barthelemy-avocats.com\/en\/\"},{\"@type\":\"ListItem\",\"position\":2,\"name\":\"Legal mentions\"}]},{\"@type\":\"WebSite\",\"@id\":\"https:\/\/www.barthelemy-avocats.com\/en\/#website\",\"url\":\"https:\/\/www.barthelemy-avocats.com\/en\/\",\"name\":\"Barth\u00e9l\u00e9my Avocats\",\"description\":\"En voyant plus loin que le droit social Barth\u00e9l\u00e9my Avocats contribue \u00e0 l\u2019acc\u00e9l\u00e9ration du d\u00e9veloppement \u00e9conomique et humain de l\u2019entreprise\",\"publisher\":{\"@id\":\"https:\/\/www.barthelemy-avocats.com\/en\/#organization\"},\"potentialAction\":[{\"@type\":\"SearchAction\",\"target\":{\"@type\":\"EntryPoint\",\"urlTemplate\":\"https:\/\/www.barthelemy-avocats.com\/en\/?s={search_term_string}\"},\"query-input\":{\"@type\":\"PropertyValueSpecification\",\"valueRequired\":true,\"valueName\":\"search_term_string\"}}],\"inLanguage\":\"en-US\"},{\"@type\":\"Organization\",\"@id\":\"https:\/\/www.barthelemy-avocats.com\/en\/#organization\",\"name\":\"Barth\u00e9l\u00e9my Avocats\",\"url\":\"https:\/\/www.barthelemy-avocats.com\/en\/\",\"logo\":{\"@type\":\"ImageObject\",\"inLanguage\":\"en-US\",\"@id\":\"https:\/\/www.barthelemy-avocats.com\/en\/#\/schema\/logo\/image\/\",\"url\":\"https:\/\/www.barthelemy-avocats.com\/wp-content\/uploads\/2023\/08\/logo.png\",\"contentUrl\":\"https:\/\/www.barthelemy-avocats.com\/wp-content\/uploads\/2023\/08\/logo.png\",\"width\":214,\"height\":146,\"caption\":\"Barth\u00e9l\u00e9my Avocats\"},\"image\":{\"@id\":\"https:\/\/www.barthelemy-avocats.com\/en\/#\/schema\/logo\/image\/\"},\"sameAs\":[\"https:\/\/www.linkedin.com\/company\/barth\u00e9l\u00e9my-avocats\/\"]}]}<\/script>\n<!-- \/ Yoast SEO plugin. -->","yoast_head_json":{"title":"Legal mentions - Barthelemy","robots":{"index":"index","follow":"follow","max-snippet":"max-snippet:-1","max-image-preview":"max-image-preview:large","max-video-preview":"max-video-preview:-1"},"canonical":"https:\/\/www.barthelemy-avocats.com\/en\/legal-mentions-en\/","og_locale":"en_US","og_type":"article","og_title":"Legal mentions - Barthelemy","og_description":"Barth\u00e9l\u00e9my Avocats is pleased to welcome you to its website, which contains information designed to help you discover the company and its activities. The sole purpose of this site is ...","og_url":"https:\/\/www.barthelemy-avocats.com\/en\/legal-mentions-en\/","og_site_name":"Barthelemy","article_modified_time":"2025-09-22T14:36:29+00:00","og_image":[{"width":163,"height":82,"url":"https:\/\/www.barthelemy-avocats.com\/wp-content\/uploads\/2023\/08\/symbol.png","type":"image\/png"}],"twitter_card":"summary_large_image","twitter_misc":{"Est. reading time":"3 minutes"},"schema":{"@context":"https:\/\/schema.org","@graph":[{"@type":"WebPage","@id":"https:\/\/www.barthelemy-avocats.com\/en\/legal-mentions-en\/","url":"https:\/\/www.barthelemy-avocats.com\/en\/legal-mentions-en\/","name":"Legal mentions - Barthelemy","isPartOf":{"@id":"https:\/\/www.barthelemy-avocats.com\/en\/#website"},"datePublished":"2023-06-19T13:25:04+00:00","dateModified":"2025-09-22T14:36:29+00:00","breadcrumb":{"@id":"https:\/\/www.barthelemy-avocats.com\/en\/legal-mentions-en\/#breadcrumb"},"inLanguage":"en-US","potentialAction":[{"@type":"ReadAction","target":["https:\/\/www.barthelemy-avocats.com\/en\/legal-mentions-en\/"]}]},{"@type":"BreadcrumbList","@id":"https:\/\/www.barthelemy-avocats.com\/en\/legal-mentions-en\/#breadcrumb","itemListElement":[{"@type":"ListItem","position":1,"name":"Home","item":"https:\/\/www.barthelemy-avocats.com\/en\/"},{"@type":"ListItem","position":2,"name":"Legal mentions"}]},{"@type":"WebSite","@id":"https:\/\/www.barthelemy-avocats.com\/en\/#website","url":"https:\/\/www.barthelemy-avocats.com\/en\/","name":"Barth\u00e9l\u00e9my Avocats","description":"En voyant plus loin que le droit social Barth\u00e9l\u00e9my Avocats contribue \u00e0 l\u2019acc\u00e9l\u00e9ration du d\u00e9veloppement \u00e9conomique et humain de l\u2019entreprise","publisher":{"@id":"https:\/\/www.barthelemy-avocats.com\/en\/#organization"},"potentialAction":[{"@type":"SearchAction","target":{"@type":"EntryPoint","urlTemplate":"https:\/\/www.barthelemy-avocats.com\/en\/?s={search_term_string}"},"query-input":{"@type":"PropertyValueSpecification","valueRequired":true,"valueName":"search_term_string"}}],"inLanguage":"en-US"},{"@type":"Organization","@id":"https:\/\/www.barthelemy-avocats.com\/en\/#organization","name":"Barth\u00e9l\u00e9my Avocats","url":"https:\/\/www.barthelemy-avocats.com\/en\/","logo":{"@type":"ImageObject","inLanguage":"en-US","@id":"https:\/\/www.barthelemy-avocats.com\/en\/#\/schema\/logo\/image\/","url":"https:\/\/www.barthelemy-avocats.com\/wp-content\/uploads\/2023\/08\/logo.png","contentUrl":"https:\/\/www.barthelemy-avocats.com\/wp-content\/uploads\/2023\/08\/logo.png","width":214,"height":146,"caption":"Barth\u00e9l\u00e9my Avocats"},"image":{"@id":"https:\/\/www.barthelemy-avocats.com\/en\/#\/schema\/logo\/image\/"},"sameAs":["https:\/\/www.linkedin.com\/company\/barth\u00e9l\u00e9my-avocats\/"]}]}},"_links":{"self":[{"href":"https:\/\/www.barthelemy-avocats.com\/en\/wp-json\/wp\/v2\/pages\/3006","targetHints":{"allow":["GET"]}}],"collection":[{"href":"https:\/\/www.barthelemy-avocats.com\/en\/wp-json\/wp\/v2\/pages"}],"about":[{"href":"https:\/\/www.barthelemy-avocats.com\/en\/wp-json\/wp\/v2\/types\/page"}],"author":[{"embeddable":true,"href":"https:\/\/www.barthelemy-avocats.com\/en\/wp-json\/wp\/v2\/users\/1"}],"replies":[{"embeddable":true,"href":"https:\/\/www.barthelemy-avocats.com\/en\/wp-json\/wp\/v2\/comments?post=3006"}],"version-history":[{"count":0,"href":"https:\/\/www.barthelemy-avocats.com\/en\/wp-json\/wp\/v2\/pages\/3006\/revisions"}],"wp:attachment":[{"href":"https:\/\/www.barthelemy-avocats.com\/en\/wp-json\/wp\/v2\/media?parent=3006"}],"curies":[{"name":"wp","href":"https:\/\/api.w.org\/{rel}","templated":true}]}}